{"id":3058,"date":"2025-10-14T21:39:55","date_gmt":"2025-10-14T21:39:55","guid":{"rendered":"https:\/\/iwoodsay.com\/?post_type=product&#038;p=3058"},"modified":"2026-01-11T22:02:06","modified_gmt":"2026-01-11T22:02:06","slug":"deska-do-gnocchi-w-padouku","status":"publish","type":"product","link":"https:\/\/iwoodsay.com\/en\/deska-do-gnocchi-w-padouku\/","title":{"rendered":"Rigagnocchi crafted in Padouk"},"content":{"rendered":"<p><strong>A few words about...<\/strong><\/p>\n<p>A board for making homemade gnocchi or cavatelli is a great option for those looking for an eco-friendly, durable, and stylish alternative to traditional plastic or metal pasta tools.<\/p>\n<p>Each of our boards is made from solid wood, ensuring durability during repeated use. The natural grain of each piece of wood also adds an element of rustic charm, making it an attractive visual addition to your kitchen.<\/p>\n<p>The top surface of the board features grooves that facilitate rolling, ensuring that the dough maintains its shape and texture.<\/p>\n<p>&nbsp;<\/p>\n<p><strong>Technical matters<\/strong><\/p>\n<p>Our boards are ready to use, meaning the wood surface is impregnated with a suitable food-grade oil and coated with a layer of oil-wax, providing additional protection against moisture. However, please note that this protection is periodic, and depending on usage intensity, the impregnation process should be repeated periodically \u2013 a home spa treatment for your board! \ud83d\ude0a<\/p>\n<p>It is important to properly clean and dry the board after each use to prevent contamination. With appropriate care and maintenance, the wooden board can provide years of reliable service and assist in creating delicious homemade gnocchi and cavatelli pasta.<\/p>\n<p>&nbsp;<\/p>\n<p>&nbsp;<\/p>\n<p>Explore our portfolio at <a href=\"https:\/\/www.pinterest.com\/IWoodSay\/\" rel=\"nofollow noopener\" target=\"_blank\">Pinterest<\/a><\/p>","protected":false},"excerpt":{"rendered":"<p>Made to order.<\/p>\n<p>Unique pasta rolling boards, handcrafted from solid 'blood-red' Padauk wood. The top surface features precision grooves that facilitate rolling while imparting a perfect shape and texture to the dough. The underside is beveled at a 45-degree angle on both ends, making the motion of shaping gnocchi or pasta smoother and more natural.<\/p>\n<p>Features:<\/p>\n<ul>\n<li>Size (length x width x thickness): <strong>22 cm x 9 cm x 2,5 cm<\/strong><\/li>\n<li>wood: padouk<\/li>\n<li>The end of the board is cut at a 45-degree angle.<\/li>\n<\/ul>\n<p>Technical Matters:<br \/>\nThe wood is impregnated with natural linseed oil, which is food-safe and meets the PN-EN-71-3 safety standards.<br \/>\nThe surface is protected with natural and purified beeswax.<\/p>\n<p>&nbsp;<\/p>\n<p>Check out more of our <a href=\"https:\/\/iwoodsay.com\/en\/rigagnocchi\/\">suggestions<\/a> for homemade pasta!<\/p>\n<h6>Solid Padouk Gnocchi &amp; Pasta Board | I Wood Say | Handcrafted Rigagnocchi | Artisan Kitchenware<\/h6>","protected":false},"featured_media":3063,"comment_status":"closed","ping_status":"closed","template":"","meta":{"_uag_custom_page_level_css":""},"product_brand":[],"product_cat":[120],"product_tag":[108,218,98,172],"class_list":{"0":"post-3058","1":"product","2":"type-product","3":"status-publish","4":"has-post-thumbnail","6":"product_cat-rigagnocchi","7":"product_tag-cavatelli","8":"product_tag-do-wloskiej-kuchni","9":"product_tag-gnocchi","10":"product_tag-rigagnocchi","11":"product_shipping_class-produkty_do_0-5_kg","12":"pa_rodzaj-drewna-padouk","14":"first","15":"instock","16":"shipping-taxable","17":"purchasable","18":"product-type-simple"},"uagb_featured_image_src":{"full":["https:\/\/iwoodsay.com\/wp-content\/uploads\/2025\/10\/PA140074.jpg",1600,2000,false],"thumbnail":["https:\/\/iwoodsay.com\/wp-content\/uploads\/2025\/10\/PA140074-150x150.jpg",150,150,true],"medium":["https:\/\/iwoodsay.com\/wp-content\/uploads\/2025\/10\/PA140074-240x300.jpg",240,300,true],"medium_large":["https:\/\/iwoodsay.com\/wp-content\/uploads\/2025\/10\/PA140074-768x960.jpg",768,960,true],"large":["https:\/\/iwoodsay.com\/wp-content\/uploads\/2025\/10\/PA140074-819x1024.jpg",819,1024,true],"1536x1536":["https:\/\/iwoodsay.com\/wp-content\/uploads\/2025\/10\/PA140074-1229x1536.jpg",1229,1536,true],"2048x2048":["https:\/\/iwoodsay.com\/wp-content\/uploads\/2025\/10\/PA140074.jpg",1600,2000,false],"trp-custom-language-flag":["https:\/\/iwoodsay.com\/wp-content\/uploads\/2025\/10\/PA140074-10x12.jpg",10,12,true],"woocommerce_archive_thumbnail":["https:\/\/iwoodsay.com\/wp-content\/uploads\/2025\/10\/PA140074-300x400.jpg",300,400,true],"woocommerce_thumbnail":["https:\/\/iwoodsay.com\/wp-content\/uploads\/2025\/10\/PA140074-300x400.jpg",300,400,true],"woocommerce_single":["https:\/\/iwoodsay.com\/wp-content\/uploads\/2025\/10\/PA140074-600x750.jpg",600,750,true],"woocommerce_gallery_thumbnail":["https:\/\/iwoodsay.com\/wp-content\/uploads\/2025\/10\/PA140074-100x100.jpg",100,100,true]},"uagb_author_info":{"display_name":"admin","author_link":"https:\/\/iwoodsay.com\/en\/author\/"},"uagb_comment_info":0,"uagb_excerpt":"Produkt na zam\u00f3wienie. Wyj\u0105tkowe deseczki do rolowania domowej pasty, wykonywane z litego drewna \"krwistego\" padouku. Wierzchnia strona deski posiada \u017c\u0142obienia u\u0142atwiaj\u0105ce wa\u0142kowanie oraz nadaj\u0105ce kszta\u0142t i tekstur\u0119 ciasta. Sp\u00f3d zosta\u0142 \u015bci\u0119ty na ko\u0144cach pod k\u0105tem 45 stopni, dzi\u0119ki czemu rolowanie gnocchi lub makaronu staje si\u0119 p\u0142ynniejsze i bardziej naturalne w ruchu. W\u0142a\u015bciwo\u015bci: rozmiar (d\u0142ugo\u015b\u0107 x&hellip;","_links":{"self":[{"href":"https:\/\/iwoodsay.com\/en\/wp-json\/wp\/v2\/product\/3058","targetHints":{"allow":["GET"]}}],"collection":[{"href":"https:\/\/iwoodsay.com\/en\/wp-json\/wp\/v2\/product"}],"about":[{"href":"https:\/\/iwoodsay.com\/en\/wp-json\/wp\/v2\/types\/product"}],"replies":[{"embeddable":true,"href":"https:\/\/iwoodsay.com\/en\/wp-json\/wp\/v2\/comments?post=3058"}],"wp:featuredmedia":[{"embeddable":true,"href":"https:\/\/iwoodsay.com\/en\/wp-json\/wp\/v2\/media\/3063"}],"wp:attachment":[{"href":"https:\/\/iwoodsay.com\/en\/wp-json\/wp\/v2\/media?parent=3058"}],"wp:term":[{"taxonomy":"product_brand","embeddable":true,"href":"https:\/\/iwoodsay.com\/en\/wp-json\/wp\/v2\/product_brand?post=3058"},{"taxonomy":"product_cat","embeddable":true,"href":"https:\/\/iwoodsay.com\/en\/wp-json\/wp\/v2\/product_cat?post=3058"},{"taxonomy":"product_tag","embeddable":true,"href":"https:\/\/iwoodsay.com\/en\/wp-json\/wp\/v2\/product_tag?post=3058"}],"curies":[{"name":"wp","href":"https:\/\/api.w.org\/{rel}","templated":true}]}}