{"id":2940,"date":"2025-09-08T20:49:15","date_gmt":"2025-09-08T20:49:15","guid":{"rendered":"https:\/\/iwoodsay.com\/?post_type=product&#038;p=2940"},"modified":"2025-12-31T13:53:04","modified_gmt":"2025-12-31T13:53:04","slug":"orzechowa-podstawka-pod-kadzidelko-13-cm","status":"publish","type":"product","link":"https:\/\/iwoodsay.com\/en\/orzechowa-podstawka-pod-kadzidelko-13-cm\/","title":{"rendered":"Walnut incense holder \u2013 13 cm"},"content":{"rendered":"<p><strong>Natural elegance.<\/strong><\/p>\n<p>Incorporating small wooden forms such as vases or candle holders into your interior adds a touch of organic charm to any space. Solid wood provides warmth, unique texture, and rustic elegance. Most importantly, wood is timeless and often transcends standard trends. Whether you prefer modern, rustic, or eclectic styles, wooden accessories always seamlessly blend with your interior! Our designs add character and fill your space with the essence of nature, while the organic shapes of our vases enhance the composition of your favorite dried flowers \ud83d\ude42<\/p>\n<p>&nbsp;<\/p>\n<p><strong>Wabi-sabi and Hygge in one!<\/strong><\/p>\n<p>Each of our projects is a separate story. Every time, we ensure to highlight the natural imperfections of the piece of wood we are working with. Wooden decors such as vases and candle holders are a direct example of the wabi-sabi philosophy. Organic textures, unique wood grains, and inherent irregularities. Meanwhile, the concept and idea of small wooden forms align with the principles of Hygge - creating a warm and intimate atmosphere.<\/p>\n<p>&nbsp;<\/p>\n<p><strong>Peace and harmony.<\/strong><\/p>\n<p>Wooden incense holders are not only practical accessories but also decorative elements that bring a sense of tranquility and harmony to any space. Made from solid wood, they highlight the natural beauty of the material \u2013 unique grain patterns and organic shapes give them a distinctive character. The holders are designed to securely hold the incense stick and collect the ash, maintaining order and aesthetics in the space. Wooden textures and warm tones promote relaxation and align with the philosophy of wabi-sabi and hygge, creating a cozy, natural atmosphere in your home. They are perfect for the bedroom, living room, or home meditation corner, adding subtle elegance and a soothing ambiance.<\/p>\n<p>&nbsp;<\/p>\n<p>Explore our portfolio at <a href=\"https:\/\/www.pinterest.com\/IWoodSay\/\" rel=\"nofollow noopener\" target=\"_blank\">Pinterest<\/a><\/p>","protected":false},"excerpt":{"rendered":"<p>Podstawka toczona w drewnie orzecha w\u0142oskiego, przeznaczona do palenia tradycyjnych kadzide\u0142ek patyczkowych. Profilowana niecka z \u0142atwo\u015bci\u0105 zatrzymuje ca\u0142y popi\u00f3\u0142, dbaj\u0105c o porz\u0105dek i estetyk\u0119 podczas rytua\u0142u palenia. \u0141\u0105czy w sobie elegancj\u0119 drewna orzechowego i funkcjonalno\u015b\u0107 \ud83d\ude42<\/p>\n<p>The product is ready for use.<\/p>\n<p>Features:<\/p>\n<ul>\n<li>Size (height x diameter): <strong>2,2 cm x 13,5 cm<\/strong><\/li>\n<li>wood: European Walnut<\/li>\n<\/ul>\n<p>Technical Matters:<br \/>\nThe wood is treated with natural oil, safe for contact with food and compliant with PN-EN-71-3 standards.<br \/>\nThe surface is protected with natural and purified beeswax.<\/p>\n<p>&nbsp;<\/p>\n<p class=\"translation-block\">Check out more of our home <a href=\"https:\/\/iwoodsay.com\/en\/wazony\/\" target=\"_self\">offerings<\/a>!<\/p>\n<h6>Orzechowa podstawka pod kadzide\u0142ko &#8211; 13 cm | I Wood Say | Rustykalny home decor | Handmade<\/h6>","protected":false},"featured_media":2941,"comment_status":"closed","ping_status":"closed","template":"","meta":{"_uag_custom_page_level_css":""},"product_brand":[],"product_cat":[131],"product_tag":[193,194,191,192],"class_list":{"0":"post-2940","1":"product","2":"type-product","3":"status-publish","4":"has-post-thumbnail","6":"product_cat-i-wood-say-zen","7":"product_tag-akcesoria-do-yogi","8":"product_tag-kadzidelka-patyczkowe","9":"product_tag-kadzidla","10":"product_tag-palo-santo","11":"product_shipping_class-produkty_do_0-5_kg","12":"pa_rodzaj-drewna-orzech-wloski","14":"first","15":"outofstock","16":"shipping-taxable","17":"purchasable","18":"product-type-simple"},"uagb_featured_image_src":{"full":["https:\/\/iwoodsay.com\/wp-content\/uploads\/2025\/09\/P9030806.jpg",2000,2500,false],"thumbnail":["https:\/\/iwoodsay.com\/wp-content\/uploads\/2025\/09\/P9030806-150x150.jpg",150,150,true],"medium":["https:\/\/iwoodsay.com\/wp-content\/uploads\/2025\/09\/P9030806-240x300.jpg",240,300,true],"medium_large":["https:\/\/iwoodsay.com\/wp-content\/uploads\/2025\/09\/P9030806-768x960.jpg",768,960,true],"large":["https:\/\/iwoodsay.com\/wp-content\/uploads\/2025\/09\/P9030806-819x1024.jpg",819,1024,true],"1536x1536":["https:\/\/iwoodsay.com\/wp-content\/uploads\/2025\/09\/P9030806-1229x1536.jpg",1229,1536,true],"2048x2048":["https:\/\/iwoodsay.com\/wp-content\/uploads\/2025\/09\/P9030806-1638x2048.jpg",1638,2048,true],"trp-custom-language-flag":["https:\/\/iwoodsay.com\/wp-content\/uploads\/2025\/09\/P9030806-10x12.jpg",10,12,true],"woocommerce_archive_thumbnail":["https:\/\/iwoodsay.com\/wp-content\/uploads\/2025\/09\/P9030806-300x400.jpg",300,400,true],"woocommerce_thumbnail":["https:\/\/iwoodsay.com\/wp-content\/uploads\/2025\/09\/P9030806-300x400.jpg",300,400,true],"woocommerce_single":["https:\/\/iwoodsay.com\/wp-content\/uploads\/2025\/09\/P9030806-600x750.jpg",600,750,true],"woocommerce_gallery_thumbnail":["https:\/\/iwoodsay.com\/wp-content\/uploads\/2025\/09\/P9030806-100x100.jpg",100,100,true]},"uagb_author_info":{"display_name":"admin","author_link":"https:\/\/iwoodsay.com\/en\/author\/"},"uagb_comment_info":0,"uagb_excerpt":"Podstawka toczona w drewnie orzecha w\u0142oskiego, przeznaczona do palenia tradycyjnych kadzide\u0142ek patyczkowych. Profilowana niecka z \u0142atwo\u015bci\u0105 zatrzymuje ca\u0142y popi\u00f3\u0142, dbaj\u0105c o porz\u0105dek i estetyk\u0119 podczas rytua\u0142u palenia. \u0141\u0105czy w sobie elegancj\u0119 drewna orzechowego i funkcjonalno\u015b\u0107 :) Produkt jest gotowy do u\u017cytkowania. W\u0142a\u015bciwo\u015bci: rozmiar (wysoko\u015b\u0107 x \u015brednica): 2,2 cm x 13,5 cm drewno: orzech w\u0142oski Sprawy&hellip;","_links":{"self":[{"href":"https:\/\/iwoodsay.com\/en\/wp-json\/wp\/v2\/product\/2940","targetHints":{"allow":["GET"]}}],"collection":[{"href":"https:\/\/iwoodsay.com\/en\/wp-json\/wp\/v2\/product"}],"about":[{"href":"https:\/\/iwoodsay.com\/en\/wp-json\/wp\/v2\/types\/product"}],"replies":[{"embeddable":true,"href":"https:\/\/iwoodsay.com\/en\/wp-json\/wp\/v2\/comments?post=2940"}],"wp:featuredmedia":[{"embeddable":true,"href":"https:\/\/iwoodsay.com\/en\/wp-json\/wp\/v2\/media\/2941"}],"wp:attachment":[{"href":"https:\/\/iwoodsay.com\/en\/wp-json\/wp\/v2\/media?parent=2940"}],"wp:term":[{"taxonomy":"product_brand","embeddable":true,"href":"https:\/\/iwoodsay.com\/en\/wp-json\/wp\/v2\/product_brand?post=2940"},{"taxonomy":"product_cat","embeddable":true,"href":"https:\/\/iwoodsay.com\/en\/wp-json\/wp\/v2\/product_cat?post=2940"},{"taxonomy":"product_tag","embeddable":true,"href":"https:\/\/iwoodsay.com\/en\/wp-json\/wp\/v2\/product_tag?post=2940"}],"curies":[{"name":"wp","href":"https:\/\/api.w.org\/{rel}","templated":true}]}}