{"id":2513,"date":"2025-03-21T21:30:32","date_gmt":"2025-03-21T21:30:32","guid":{"rendered":"https:\/\/iwoodsay.com\/?post_type=product&#038;p=2513"},"modified":"2025-05-10T18:08:12","modified_gmt":"2025-05-10T18:08:12","slug":"oldschoolowy-dab-do-gnocchi","status":"publish","type":"product","link":"https:\/\/iwoodsay.com\/en\/oldschoolowy-dab-do-gnocchi\/","title":{"rendered":"Old-school oak gnocchi board"},"content":{"rendered":"<p><strong>A few words about...<\/strong><\/p>\n<p>A board for making homemade gnocchi or cavatelli pasta is a great option for those looking for an eco-friendly, durable, and stylish alternative to plastic or metal pasta tools.<\/p>\n<p>Each of our boards is made from solid wood, ensuring durability during repeated use. The natural grain of each piece of wood also adds an element of rustic charm, making it an attractive visual addition to your kitchen.<\/p>\n<p>The top surface of the board features grooves that facilitate rolling, ensuring that the dough maintains its shape and texture.<\/p>\n<p>&nbsp;<\/p>\n<p><strong>Technical matters<\/strong><\/p>\n<p>Our boards are ready to use, meaning the wood surface is impregnated with a suitable food-grade oil and coated with a layer of oil-wax, providing additional protection against moisture. However, please note that this protection is periodic, and depending on usage intensity, the impregnation process should be repeated periodically \u2013 a home spa treatment for your board! \ud83d\ude0a<\/p>\n<p>It is important to properly clean and dry the board after each use to prevent contamination. With appropriate care and maintenance, the wooden board can provide years of reliable service and assist in creating delicious homemade gnocchi and cavatelli pasta.<\/p>\n<p>&nbsp;<\/p>\n<p>&nbsp;<\/p>\n<p>Explore our portfolio at <a href=\"https:\/\/www.pinterest.com\/IWoodSay\/\" rel=\"nofollow noopener\" target=\"_blank\">Pinterest<\/a><\/p>","protected":false},"excerpt":{"rendered":"<p>Made to order.<\/p>\n<p>Features:<\/p>\n<ul>\n<li>Size (length x width x thickness): <strong>20 cm x 9 cm x 2-2,5 cm<\/strong><\/li>\n<li>Wood: oak<\/li>\n<li>The grain and color of the wood may vary from the example shown in the photos.<\/li>\n<\/ul>\n<p>Technical Matters:<br \/>\nThe wood is treated with natural oil, safe for contact with food and compliant with PN-EN-71-3 standards.<br \/>\nThe surface is protected with natural and purified beeswax.<\/p>\n<p>&nbsp;<\/p>\n<p>Check out more of our <a href=\"https:\/\/iwoodsay.com\/en\/rigagnocchi\/\">suggestions<\/a> for homemade pasta!<\/p>\n<h6>Old-school oak gnocchi board | I Wood Say | drewniane rigagnocchi | Handmade kitchen accessories<\/h6>","protected":false},"featured_media":2516,"comment_status":"closed","ping_status":"closed","template":"","meta":{"_uag_custom_page_level_css":""},"product_brand":[],"product_cat":[120],"product_tag":[108,118,98,172],"class_list":{"0":"post-2513","1":"product","2":"type-product","3":"status-publish","4":"has-post-thumbnail","6":"product_cat-rigagnocchi","7":"product_tag-cavatelli","8":"product_tag-dab-rustykalny","9":"product_tag-gnocchi","10":"product_tag-rigagnocchi","11":"product_shipping_class-produkty_do_0-5_kg","12":"pa_rodzaj-drewna-dab","14":"first","15":"instock","16":"shipping-taxable","17":"purchasable","18":"product-type-simple"},"uagb_featured_image_src":{"full":["https:\/\/iwoodsay.com\/wp-content\/uploads\/2025\/03\/CRW_9314.jpg",1200,1501,false],"thumbnail":["https:\/\/iwoodsay.com\/wp-content\/uploads\/2025\/03\/CRW_9314-150x150.jpg",150,150,true],"medium":["https:\/\/iwoodsay.com\/wp-content\/uploads\/2025\/03\/CRW_9314-240x300.jpg",240,300,true],"medium_large":["https:\/\/iwoodsay.com\/wp-content\/uploads\/2025\/03\/CRW_9314-768x961.jpg",768,961,true],"large":["https:\/\/iwoodsay.com\/wp-content\/uploads\/2025\/03\/CRW_9314-819x1024.jpg",819,1024,true],"1536x1536":["https:\/\/iwoodsay.com\/wp-content\/uploads\/2025\/03\/CRW_9314.jpg",1200,1501,false],"2048x2048":["https:\/\/iwoodsay.com\/wp-content\/uploads\/2025\/03\/CRW_9314.jpg",1200,1501,false],"trp-custom-language-flag":["https:\/\/iwoodsay.com\/wp-content\/uploads\/2025\/03\/CRW_9314-10x12.jpg",10,12,true],"woocommerce_archive_thumbnail":["https:\/\/iwoodsay.com\/wp-content\/uploads\/2025\/03\/CRW_9314-300x400.jpg",300,400,true],"woocommerce_thumbnail":["https:\/\/iwoodsay.com\/wp-content\/uploads\/2025\/03\/CRW_9314-300x400.jpg",300,400,true],"woocommerce_single":["https:\/\/iwoodsay.com\/wp-content\/uploads\/2025\/03\/CRW_9314-600x751.jpg",600,751,true],"woocommerce_gallery_thumbnail":["https:\/\/iwoodsay.com\/wp-content\/uploads\/2025\/03\/CRW_9314-100x100.jpg",100,100,true]},"uagb_author_info":{"display_name":"admin","author_link":"https:\/\/iwoodsay.com\/en\/author\/"},"uagb_comment_info":0,"uagb_excerpt":"Produkt na zam\u00f3wienie. W\u0142a\u015bciwo\u015bci: rozmiar (d\u0142ugo\u015b\u0107 x szeroko\u015b\u0107 x grubo\u015b\u0107): 20 cm x 9 cm x 2-2,5 cm drewno: d\u0105b us\u0142ojenie i kolor drewna b\u0119dzie sie r\u00f3\u017cni\u0107 od egzemplarza prezentowanego na zdj\u0119ciach Sprawy techniczne: Drewno impregnowane olejem naturalnym, bezpiecznym w kontakcie z \u017cywno\u015bci\u0105 i spe\u0142niaj\u0105cym normy PN-EN-71-3. Powierzchnia zabezpieczona naturalnym i oczyszczonym woskiem pszczelim. &nbsp;&hellip;","_links":{"self":[{"href":"https:\/\/iwoodsay.com\/en\/wp-json\/wp\/v2\/product\/2513","targetHints":{"allow":["GET"]}}],"collection":[{"href":"https:\/\/iwoodsay.com\/en\/wp-json\/wp\/v2\/product"}],"about":[{"href":"https:\/\/iwoodsay.com\/en\/wp-json\/wp\/v2\/types\/product"}],"replies":[{"embeddable":true,"href":"https:\/\/iwoodsay.com\/en\/wp-json\/wp\/v2\/comments?post=2513"}],"wp:featuredmedia":[{"embeddable":true,"href":"https:\/\/iwoodsay.com\/en\/wp-json\/wp\/v2\/media\/2516"}],"wp:attachment":[{"href":"https:\/\/iwoodsay.com\/en\/wp-json\/wp\/v2\/media?parent=2513"}],"wp:term":[{"taxonomy":"product_brand","embeddable":true,"href":"https:\/\/iwoodsay.com\/en\/wp-json\/wp\/v2\/product_brand?post=2513"},{"taxonomy":"product_cat","embeddable":true,"href":"https:\/\/iwoodsay.com\/en\/wp-json\/wp\/v2\/product_cat?post=2513"},{"taxonomy":"product_tag","embeddable":true,"href":"https:\/\/iwoodsay.com\/en\/wp-json\/wp\/v2\/product_tag?post=2513"}],"curies":[{"name":"wp","href":"https:\/\/api.w.org\/{rel}","templated":true}]}}