{"id":2256,"date":"2024-10-12T12:37:07","date_gmt":"2024-10-12T12:37:07","guid":{"rendered":"https:\/\/iwoodsay.com\/?post_type=product&#038;p=2256"},"modified":"2025-04-25T20:01:50","modified_gmt":"2025-04-25T20:01:50","slug":"prostokatny-orzech-z-uchem","status":"publish","type":"product","link":"https:\/\/iwoodsay.com\/en\/prostokatny-orzech-z-uchem\/","title":{"rendered":"Rectangular walnut with a handle - 40 cm"},"content":{"rendered":"<p><strong>Why choose a solid wood board?<\/strong><\/p>\n<p>From a practical standpoint, a wooden cutting board is the most natural, traditional, and kitchen-friendly product. Not only does it minimize knife dulling, but with minimal care, it can also be long-lasting. Wood inherently possesses antibacterial properties, but to maintain this, proper conditions and care for the board are essential.<\/p>\n<p>Our boards are ready to use, meaning the wood surface is impregnated with a suitable food-grade oil and coated with a layer of oil-wax, providing additional protection against moisture. However, please note that this protection is periodic, and depending on usage intensity, the impregnation process should be repeated periodically \u2013 a home spa treatment for your board! \ud83d\ude0a<\/p>\n<p>&nbsp;<\/p>\n<p><strong>Few words about wood:<\/strong><\/p>\n<p>Walnut wood is a hard species with a very distinctive grain pattern. What always catches the eye is its pronounced color. The light cream-colored sapwood contrasts sharply with the darker heartwood, sometimes even in shades of brown or bitter chocolate. Like in other hardwood species, the wood's coloration depends on the age of the tree and its habitat. Interestingly, those who work with this wood also know it for its characteristic peppery smell.<\/p>\n<p>&nbsp;<\/p>\n<p><strong>Benefits of walnut board:<\/strong><\/p>\n<p>Firstly -<strong> Durability.<\/strong><br \/>\nDespite walnut not being as hard as oak, it is still a hard wood and highly resistant to mechanical damage (e.g., knife cuts).<\/p>\n<p>Secondly - <strong>Aesthetic Appeal.<\/strong><br \/>\nWalnut cutting boards are always recognizable \ud83d\ude0a As mentioned earlier, the contrast between the light cream color and the darker heartwood, along with its pastel hue, makes walnut designs striking. The wood grain pattern catches the eye, especially when juxtaposed against a light kitchen or living room environment.<\/p>\n<p>&nbsp;<\/p>\n<p>Explore our portfolio at <a href=\"https:\/\/www.pinterest.com\/IWoodSay\/\" rel=\"nofollow noopener\" target=\"_blank\">Pinterest<\/a><\/p>","protected":false},"excerpt":{"rendered":"<p>Made to order.<\/p>\n<p>Rectangular walnut board with a handle. Perfect for serving appetizers, sweet snacks, or can be used as a coaster for a cup, etc.<\/p>\n<p>Sizes:<br \/>\nOverall length: <strong>40 cm<\/strong><br \/>\nMaximum width: <strong>16 cm<\/strong><br \/>\nThickness: <strong>2-2,5 cm<\/strong><\/p>\n<p>Length and width tolerance: <strong>+\/- 0,5 cm<\/strong><\/p>\n<p>Technical Matters:<br \/>\nThe wood is treated with natural oil, safe for contact with food and compliant with PN-EN-71-3 standards.<br \/>\nThe surface is protected with natural and purified beeswax.<\/p>\n<p>&nbsp;<\/p>\n<p>Check out more of our <a href=\"https:\/\/iwoodsay.com\/en\/deski-lite\/\">suggestions<\/a> for your kitchen!<\/p>\n<h6>Rectangular walnut with a handle - 40 cm | I Wood Say | Schneidebrett | Handmade<\/h6>","protected":false},"featured_media":2259,"comment_status":"closed","ping_status":"closed","template":"","meta":{"_uag_custom_page_level_css":""},"product_brand":[],"product_cat":[30],"product_tag":[116,61,164],"class_list":{"0":"post-2256","1":"product","2":"type-product","3":"status-publish","4":"has-post-thumbnail","6":"product_cat-deski-lite","7":"product_tag-deska-sniadaniowa","8":"product_tag-deska-z-uchem","9":"product_tag-orzech-wloski","10":"product_shipping_class-produkty_0-5-1_kg","11":"pa_rodzaj-drewna-orzech-wloski","13":"first","14":"outofstock","15":"shipping-taxable","16":"purchasable","17":"product-type-simple"},"uagb_featured_image_src":{"full":["https:\/\/iwoodsay.com\/wp-content\/uploads\/2024\/10\/P1280052.jpg",2000,2500,false],"thumbnail":["https:\/\/iwoodsay.com\/wp-content\/uploads\/2024\/10\/P1280052-150x150.jpg",150,150,true],"medium":["https:\/\/iwoodsay.com\/wp-content\/uploads\/2024\/10\/P1280052-240x300.jpg",240,300,true],"medium_large":["https:\/\/iwoodsay.com\/wp-content\/uploads\/2024\/10\/P1280052-768x960.jpg",768,960,true],"large":["https:\/\/iwoodsay.com\/wp-content\/uploads\/2024\/10\/P1280052-819x1024.jpg",819,1024,true],"1536x1536":["https:\/\/iwoodsay.com\/wp-content\/uploads\/2024\/10\/P1280052-1229x1536.jpg",1229,1536,true],"2048x2048":["https:\/\/iwoodsay.com\/wp-content\/uploads\/2024\/10\/P1280052-1638x2048.jpg",1638,2048,true],"trp-custom-language-flag":["https:\/\/iwoodsay.com\/wp-content\/uploads\/2024\/10\/P1280052-10x12.jpg",10,12,true],"woocommerce_archive_thumbnail":["https:\/\/iwoodsay.com\/wp-content\/uploads\/2024\/10\/P1280052-300x400.jpg",300,400,true],"woocommerce_thumbnail":["https:\/\/iwoodsay.com\/wp-content\/uploads\/2024\/10\/P1280052-300x400.jpg",300,400,true],"woocommerce_single":["https:\/\/iwoodsay.com\/wp-content\/uploads\/2024\/10\/P1280052-600x750.jpg",600,750,true],"woocommerce_gallery_thumbnail":["https:\/\/iwoodsay.com\/wp-content\/uploads\/2024\/10\/P1280052-100x100.jpg",100,100,true]},"uagb_author_info":{"display_name":"admin","author_link":"https:\/\/iwoodsay.com\/en\/author\/"},"uagb_comment_info":0,"uagb_excerpt":"Produkt na zam\u00f3wienie. Prostok\u0105ny orzech z uchem. Idealny do podawania przystawek, s\u0142odkich przek\u0105sek lub mo\u017ce pos\u0142u\u017cy\u0107 jako podk\u0142adka pod kubek itp. Wymiary: D\u0142ugo\u015b\u0107 ca\u0142kowita: 40 cm Szeroko\u015b\u0107 maksymalna: 16 cm Grubo\u015b\u0107: 2-2,5 cm Tolerancja d\u0142ugo\u015bci i szeroko\u015bci: +\/- 0,5 cm Sprawy techniczne: Drewno impregnowane olejem naturalnym, bezpiecznym w kontakcie z \u017cywno\u015bci\u0105 i spe\u0142niaj\u0105cym normy PN-EN-71-3.&hellip;","_links":{"self":[{"href":"https:\/\/iwoodsay.com\/en\/wp-json\/wp\/v2\/product\/2256","targetHints":{"allow":["GET"]}}],"collection":[{"href":"https:\/\/iwoodsay.com\/en\/wp-json\/wp\/v2\/product"}],"about":[{"href":"https:\/\/iwoodsay.com\/en\/wp-json\/wp\/v2\/types\/product"}],"replies":[{"embeddable":true,"href":"https:\/\/iwoodsay.com\/en\/wp-json\/wp\/v2\/comments?post=2256"}],"wp:featuredmedia":[{"embeddable":true,"href":"https:\/\/iwoodsay.com\/en\/wp-json\/wp\/v2\/media\/2259"}],"wp:attachment":[{"href":"https:\/\/iwoodsay.com\/en\/wp-json\/wp\/v2\/media?parent=2256"}],"wp:term":[{"taxonomy":"product_brand","embeddable":true,"href":"https:\/\/iwoodsay.com\/en\/wp-json\/wp\/v2\/product_brand?post=2256"},{"taxonomy":"product_cat","embeddable":true,"href":"https:\/\/iwoodsay.com\/en\/wp-json\/wp\/v2\/product_cat?post=2256"},{"taxonomy":"product_tag","embeddable":true,"href":"https:\/\/iwoodsay.com\/en\/wp-json\/wp\/v2\/product_tag?post=2256"}],"curies":[{"name":"wp","href":"https:\/\/api.w.org\/{rel}","templated":true}]}}