{"id":1661,"date":"2023-08-18T21:16:35","date_gmt":"2023-08-18T21:16:35","guid":{"rendered":"https:\/\/iwoodsay.com\/?post_type=product&#038;p=1661"},"modified":"2025-01-05T20:24:41","modified_gmt":"2025-01-05T20:24:41","slug":"bukowy-pad-do-rolowania-domowej-pasty-g162","status":"publish","type":"product","link":"https:\/\/iwoodsay.com\/en\/bukowy-pad-do-rolowania-domowej-pasty-g162\/","title":{"rendered":"Beech rigagnocchi with rolling pin"},"content":{"rendered":"<p><strong>A few words about...<\/strong><\/p>\n<p>A board for making homemade gnocchi or cavatelli is a great option for those looking for an eco-friendly, durable, and stylish alternative to traditional plastic or metal pasta tools.<\/p>\n<p>Each of our boards is made from solid wood, ensuring durability during repeated use. The natural grain of each piece of wood also adds an element of rustic charm, making it an attractive visual addition to your kitchen.<\/p>\n<p>The top surface of the board features grooves that facilitate rolling, ensuring that the dough maintains its shape and texture.<\/p>\n<p>Included in the set, you will find a rolling pin to assist with rolling the dough - especially useful when shaping homemade cavatelli \ud83d\ude0a<\/p>\n<p>&nbsp;<\/p>\n<p><strong>Technical matters<\/strong><\/p>\n<p>Our boards are ready to use, meaning the wood surface is impregnated with a suitable food-grade oil and coated with a layer of oil-wax, providing additional protection against moisture. However, please note that this protection is periodic, and depending on usage intensity, the impregnation process should be repeated periodically \u2013 a home spa treatment for your board! \ud83d\ude0a<\/p>\n<p>It is important to properly clean and dry the board after each use to prevent contamination. With appropriate care and maintenance, the wooden board can provide years of reliable service and assist in creating delicious homemade gnocchi and cavatelli pasta.<\/p>\n<p>&nbsp;<\/p>\n<p>&nbsp;<\/p>\n<p>Explore our portfolio at <a href=\"https:\/\/www.pinterest.com\/IWoodSay\/\" rel=\"nofollow noopener\" target=\"_blank\">Pinterest<\/a><\/p>","protected":false},"excerpt":{"rendered":"<p>Made to order.<\/p>\n<p>Features:<\/p>\n<ul>\n<li>Size (length x width x thickness): <strong>22 cm x 11 cm x 2-2,5 cm<\/strong><\/li>\n<li>Wood: beech<\/li>\n<li>The board comes with a small rolling pin that is particularly useful for rolling homemade pasta (length of the rolling pin approximately 15 cm, diameter approximately 0.8-1 cm).<\/li>\n<\/ul>\n<p>Technical Matters:<br \/>\nThe wood is treated with natural oil, safe for contact with food and compliant with PN-EN-71-3 standards.<br \/>\nThe surface is protected with natural and purified beeswax.<\/p>\n<p>&nbsp;<\/p>\n<p>Check out more of our <a href=\"https:\/\/iwoodsay.com\/en\/rigagnocchi\/\">suggestions<\/a> for homemade pasta!<\/p>\n<h6>Bukowy pad do rolowania domowej pasty | I Wood Say | drewniane rigagnocchi | Handmade kitchen accessories<\/h6>","protected":false},"featured_media":1662,"comment_status":"closed","ping_status":"closed","template":"","meta":{"_uag_custom_page_level_css":""},"product_brand":[],"product_cat":[120],"product_tag":[173,108,99,98,172],"class_list":{"0":"post-1661","1":"product","2":"type-product","3":"status-publish","4":"has-post-thumbnail","6":"product_cat-rigagnocchi","7":"product_tag-buk","8":"product_tag-cavatelli","9":"product_tag-garganelli","10":"product_tag-gnocchi","11":"product_tag-rigagnocchi","12":"product_shipping_class-produkty_do_0-5_kg","13":"pa_rodzaj-drewna-buk","15":"first","16":"onbackorder","17":"shipping-taxable","18":"purchasable","19":"product-type-simple"},"uagb_featured_image_src":{"full":["https:\/\/iwoodsay.com\/wp-content\/uploads\/2023\/08\/CRW_6736.jpg",1200,1500,false],"thumbnail":["https:\/\/iwoodsay.com\/wp-content\/uploads\/2023\/08\/CRW_6736-150x150.jpg",150,150,true],"medium":["https:\/\/iwoodsay.com\/wp-content\/uploads\/2023\/08\/CRW_6736-240x300.jpg",240,300,true],"medium_large":["https:\/\/iwoodsay.com\/wp-content\/uploads\/2023\/08\/CRW_6736-768x960.jpg",768,960,true],"large":["https:\/\/iwoodsay.com\/wp-content\/uploads\/2023\/08\/CRW_6736-819x1024.jpg",819,1024,true],"1536x1536":["https:\/\/iwoodsay.com\/wp-content\/uploads\/2023\/08\/CRW_6736.jpg",1200,1500,false],"2048x2048":["https:\/\/iwoodsay.com\/wp-content\/uploads\/2023\/08\/CRW_6736.jpg",1200,1500,false],"trp-custom-language-flag":["https:\/\/iwoodsay.com\/wp-content\/uploads\/2023\/08\/CRW_6736.jpg",10,12,false],"woocommerce_archive_thumbnail":["https:\/\/iwoodsay.com\/wp-content\/uploads\/2023\/08\/CRW_6736-300x400.jpg",300,400,true],"woocommerce_thumbnail":["https:\/\/iwoodsay.com\/wp-content\/uploads\/2023\/08\/CRW_6736-300x400.jpg",300,400,true],"woocommerce_single":["https:\/\/iwoodsay.com\/wp-content\/uploads\/2023\/08\/CRW_6736-600x750.jpg",600,750,true],"woocommerce_gallery_thumbnail":["https:\/\/iwoodsay.com\/wp-content\/uploads\/2023\/08\/CRW_6736-100x100.jpg",100,100,true]},"uagb_author_info":{"display_name":"admin","author_link":"https:\/\/iwoodsay.com\/en\/author\/"},"uagb_comment_info":0,"uagb_excerpt":"Produkt na zam\u00f3wienie. W\u0142a\u015bciwo\u015bci: rozmiar (d\u0142ugo\u015b\u0107 x szeroko\u015b\u0107 x grubo\u015b\u0107): 22 cm x 11 cm x 2-2,5 cm drewno: buk do deski do\u0142\u0105czony jest wa\u0142eczek szczeg\u00f3lnie przydatny w rolowaniu domowej pasty (d\u0142ugo\u015b\u0107 wa\u0142eczka ok. 15 cm, \u015brednica ok. 0,8-1 cm). Sprawy techniczne: Drewno impregnowane olejem naturalnym, bezpiecznym w kontakcie z \u017cywno\u015bci\u0105 i spe\u0142niaj\u0105cym normy PN-EN-71-3.&hellip;","_links":{"self":[{"href":"https:\/\/iwoodsay.com\/en\/wp-json\/wp\/v2\/product\/1661","targetHints":{"allow":["GET"]}}],"collection":[{"href":"https:\/\/iwoodsay.com\/en\/wp-json\/wp\/v2\/product"}],"about":[{"href":"https:\/\/iwoodsay.com\/en\/wp-json\/wp\/v2\/types\/product"}],"replies":[{"embeddable":true,"href":"https:\/\/iwoodsay.com\/en\/wp-json\/wp\/v2\/comments?post=1661"}],"wp:featuredmedia":[{"embeddable":true,"href":"https:\/\/iwoodsay.com\/en\/wp-json\/wp\/v2\/media\/1662"}],"wp:attachment":[{"href":"https:\/\/iwoodsay.com\/en\/wp-json\/wp\/v2\/media?parent=1661"}],"wp:term":[{"taxonomy":"product_brand","embeddable":true,"href":"https:\/\/iwoodsay.com\/en\/wp-json\/wp\/v2\/product_brand?post=1661"},{"taxonomy":"product_cat","embeddable":true,"href":"https:\/\/iwoodsay.com\/en\/wp-json\/wp\/v2\/product_cat?post=1661"},{"taxonomy":"product_tag","embeddable":true,"href":"https:\/\/iwoodsay.com\/en\/wp-json\/wp\/v2\/product_tag?post=1661"}],"curies":[{"name":"wp","href":"https:\/\/api.w.org\/{rel}","templated":true}]}}